{"id":5233,"date":"2016-12-09T14:04:16","date_gmt":"2016-12-09T13:04:16","guid":{"rendered":"http:\/\/www.turnarit.si\/index.php"},"modified":"2026-04-09T09:44:13","modified_gmt":"2026-04-09T07:44:13","slug":"mali-oglasi","status":"publish","type":"page","link":"https:\/\/www.turnarit.si\/index.php\/mali-oglasi","title":{"rendered":"Mali oglasi"},"content":{"rendered":"<h2><span style=\"color: #ff0000;\"><span style=\"color: #ff0000;\"><span style=\"color: #ff0000;\"><span style=\"color: #ff0000;\"><span style=\"color: #ff0000;\"><span style=\"color: #ff0000;\"><span style=\"color: #000000;\">RABLJENA TURNO SMU\u010cARSKA OPREMA<\/span><\/span><\/span><\/span><\/span><\/span><\/span><a href=\"http:\/\/www.turnarit.si\/wp-content\/uploads\/2016\/12\/IMG_0068.jpg\"><br \/>\n<\/a><\/h2>\n<h4>Turne smu\u010di&nbsp;<br \/>\n<a href=\"http:\/\/www.turnarit.si\/wp-content\/uploads\/2026\/04\/IMG_2818-scaled.jpg\"><img loading=\"lazy\" class=\"alignnone size-medium wp-image-19507\" src=\"http:\/\/www.turnarit.si\/wp-content\/uploads\/2026\/04\/IMG_2818-300x225.jpg\" alt=\"\" width=\"300\" height=\"225\" srcset=\"https:\/\/www.turnarit.si\/wp-content\/uploads\/2026\/04\/IMG_2818-300x225.jpg 300w, https:\/\/www.turnarit.si\/wp-content\/uploads\/2026\/04\/IMG_2818-1024x768.jpg 1024w, https:\/\/www.turnarit.si\/wp-content\/uploads\/2026\/04\/IMG_2818-768x576.jpg 768w, https:\/\/www.turnarit.si\/wp-content\/uploads\/2026\/04\/IMG_2818-1536x1152.jpg 1536w, https:\/\/www.turnarit.si\/wp-content\/uploads\/2026\/04\/IMG_2818-2048x1536.jpg 2048w, https:\/\/www.turnarit.si\/wp-content\/uploads\/2026\/04\/IMG_2818-809x610.jpg 809w, https:\/\/www.turnarit.si\/wp-content\/uploads\/2026\/04\/IMG_2818-394x296.jpg 394w\" sizes=\"(max-width: 300px) 100vw, 300px\" \/><\/a><\/h4>\n<p>Turne smu\u010di Elan Ripstick tour 94 dol\u017e. 178cm (129-94-109; R17,4)<br \/>\nDynafit (Fischer) speed turn 2 &#8211; namontirane za pancar dol\u017eine od 300 do 325mm &#8211; trenutno 314mm.<br \/>\nKo\u017ee Scott<br \/>\nOprema je zelo dobra &#8211; kot nova. Uporabljena na ca.8 turah.<br \/>\nCena kompleta 700eur<\/p>\n<p><a href=\"http:\/\/www.turnarit.si\/wp-content\/uploads\/2026\/04\/IMG_2808-scaled.jpg\"><img loading=\"lazy\" class=\"alignnone size-medium wp-image-19509\" src=\"http:\/\/www.turnarit.si\/wp-content\/uploads\/2026\/04\/IMG_2808-300x225.jpg\" alt=\"\" width=\"300\" height=\"225\" srcset=\"https:\/\/www.turnarit.si\/wp-content\/uploads\/2026\/04\/IMG_2808-300x225.jpg 300w, https:\/\/www.turnarit.si\/wp-content\/uploads\/2026\/04\/IMG_2808-1024x768.jpg 1024w, https:\/\/www.turnarit.si\/wp-content\/uploads\/2026\/04\/IMG_2808-768x576.jpg 768w, https:\/\/www.turnarit.si\/wp-content\/uploads\/2026\/04\/IMG_2808-1536x1152.jpg 1536w, https:\/\/www.turnarit.si\/wp-content\/uploads\/2026\/04\/IMG_2808-2048x1536.jpg 2048w, https:\/\/www.turnarit.si\/wp-content\/uploads\/2026\/04\/IMG_2808-809x610.jpg 809w, https:\/\/www.turnarit.si\/wp-content\/uploads\/2026\/04\/IMG_2808-394x296.jpg 394w\" sizes=\"(max-width: 300px) 100vw, 300px\" \/><\/a><\/p>\n<p>Turne smu\u010di Elan Ripstick tour 94 W dol\u017e. 157cm (129-94-109; R12)<br \/>\nVezi ATK RT8 Evo &#8211; namontirane za pancar dol\u017eine 284mm (-15mm \/ +10mm).<br \/>\nKo\u017ee Kohla.<br \/>\nSmu\u010di so odli\u010dne &#8211; kot nove. Uporabljene na samo 4 turah.<br \/>\nCena kompleta 750eur<\/p>\n<h4>Turni pancarji Scarpa&nbsp;<br \/>\n<a href=\"http:\/\/www.turnarit.si\/wp-content\/uploads\/2023\/12\/IMG_1365-scaled.jpg\"><img loading=\"lazy\" class=\"alignnone size-full wp-image-18093\" src=\"http:\/\/www.turnarit.si\/wp-content\/uploads\/2023\/12\/IMG_1365-scaled.jpg\" alt=\"\" width=\"2560\" height=\"1920\" srcset=\"https:\/\/www.turnarit.si\/wp-content\/uploads\/2023\/12\/IMG_1365-scaled.jpg 2560w, https:\/\/www.turnarit.si\/wp-content\/uploads\/2023\/12\/IMG_1365-300x225.jpg 300w, https:\/\/www.turnarit.si\/wp-content\/uploads\/2023\/12\/IMG_1365-1024x768.jpg 1024w, https:\/\/www.turnarit.si\/wp-content\/uploads\/2023\/12\/IMG_1365-768x576.jpg 768w, https:\/\/www.turnarit.si\/wp-content\/uploads\/2023\/12\/IMG_1365-1536x1152.jpg 1536w, https:\/\/www.turnarit.si\/wp-content\/uploads\/2023\/12\/IMG_1365-2048x1536.jpg 2048w, https:\/\/www.turnarit.si\/wp-content\/uploads\/2023\/12\/IMG_1365-394x296.jpg 394w\" sizes=\"(max-width: 2560px) 100vw, 2560px\" \/><\/a><\/h4>\n<p>Turni pancarji Scarpa Maestrale od \u0161t. 42 do \u0161t. 44,5<br \/>\n149eur<\/p>\n<h4>\u017denski turni pancarji&nbsp;<br \/>\n<a href=\"http:\/\/www.turnarit.si\/wp-content\/uploads\/2023\/12\/IMG_1361-scaled.jpg\"><img loading=\"lazy\" class=\"alignnone size-full wp-image-18094\" src=\"http:\/\/www.turnarit.si\/wp-content\/uploads\/2023\/12\/IMG_1361-scaled.jpg\" alt=\"\" width=\"2560\" height=\"1920\" srcset=\"https:\/\/www.turnarit.si\/wp-content\/uploads\/2023\/12\/IMG_1361-scaled.jpg 2560w, https:\/\/www.turnarit.si\/wp-content\/uploads\/2023\/12\/IMG_1361-300x225.jpg 300w, https:\/\/www.turnarit.si\/wp-content\/uploads\/2023\/12\/IMG_1361-1024x768.jpg 1024w, https:\/\/www.turnarit.si\/wp-content\/uploads\/2023\/12\/IMG_1361-768x576.jpg 768w, https:\/\/www.turnarit.si\/wp-content\/uploads\/2023\/12\/IMG_1361-1536x1152.jpg 1536w, https:\/\/www.turnarit.si\/wp-content\/uploads\/2023\/12\/IMG_1361-2048x1536.jpg 2048w, https:\/\/www.turnarit.si\/wp-content\/uploads\/2023\/12\/IMG_1361-394x296.jpg 394w\" sizes=\"(max-width: 2560px) 100vw, 2560px\" \/><\/a><\/h4>\n<p>\u017denski turni pancarji Dynafit in Scarpa od \u0161t. 36,5 do 40,5<br \/>\n149eur<\/p>\n<hr>\n<h4>Srena\u010di<\/h4>\n<h4><a href=\"http:\/\/www.turnarit.si\/wp-content\/uploads\/2020\/11\/IMG_20201120_203636-scaled.jpg\"><img loading=\"lazy\" class=\"alignnone size-medium wp-image-15793\" src=\"http:\/\/www.turnarit.si\/wp-content\/uploads\/2020\/11\/IMG_20201120_203636-300x224.jpg\" alt=\"\" width=\"300\" height=\"224\" srcset=\"https:\/\/www.turnarit.si\/wp-content\/uploads\/2020\/11\/IMG_20201120_203636-300x224.jpg 300w, https:\/\/www.turnarit.si\/wp-content\/uploads\/2020\/11\/IMG_20201120_203636-1024x766.jpg 1024w, https:\/\/www.turnarit.si\/wp-content\/uploads\/2020\/11\/IMG_20201120_203636-768x574.jpg 768w, https:\/\/www.turnarit.si\/wp-content\/uploads\/2020\/11\/IMG_20201120_203636-1536x1149.jpg 1536w, https:\/\/www.turnarit.si\/wp-content\/uploads\/2020\/11\/IMG_20201120_203636-2048x1532.jpg 2048w, https:\/\/www.turnarit.si\/wp-content\/uploads\/2020\/11\/IMG_20201120_203636-394x296.jpg 394w\" sizes=\"(max-width: 300px) 100vw, 300px\" \/><\/a><\/h4>\n<p>&nbsp;<\/p>\n<p>Ve\u010d fotk opreme lahko po\u0161ljemo po e-mailu!<\/p>\n<p>Mo\u017ena je dostava smu\u010di v LJ.<\/p>\n<p>&nbsp;<\/p>\n<h4>INFORMACIJE :<\/h4>\n<p>041 817 051 &nbsp;&nbsp; ali &nbsp;&nbsp; Info@turnarit.si<\/p>\n<h4>&nbsp;<\/h4>\n<h4>&nbsp;<\/h4>\n<p>&nbsp;<\/p>\n<p>&nbsp;<\/p>\n<p>&nbsp;<\/p>\n<p>&nbsp;<\/p>\n<p>&nbsp;<\/p>\n<p>&nbsp;<\/p>\n<p>&nbsp;<\/p>\n<p>&nbsp;<\/p>\n<p>&nbsp;<\/p>\n<p>&nbsp;<\/p>\n<p>&nbsp;<\/p>\n<p>&nbsp;<\/p>\n<p>&nbsp;<\/p>\n<p>&nbsp;<\/p>\n<p>&nbsp;<\/p>\n<p>&nbsp;<\/p>\n<p>&nbsp;<\/p>\n<p>&nbsp;<\/p>\n<p>&nbsp;<\/p>\n<p>&nbsp;<\/p>\n<p>&nbsp;<\/p>\n<p>&nbsp;<\/p>\n<p>&nbsp;<\/p>\n<p>&nbsp;<\/p>\n<p>&nbsp;<\/p>\n<p>&nbsp;<\/p>\n<p>&nbsp;<\/p>\n<p>&nbsp;<\/p>\n<p>&nbsp;<\/p>\n<p>&nbsp;<\/p>\n<p>&nbsp;<\/p>\n<p>&nbsp;<\/p>\n<p>&nbsp;<\/p>\n","protected":false},"excerpt":{"rendered":"<p>RABLJENA TURNO SMU\u010cARSKA OPREMA Turne smu\u010di&nbsp; Turne smu\u010di Elan Ripstick tour 94 dol\u017e. 178cm (129-94-109; R17,4) Dynafit (Fischer) speed turn 2 &#8211; namontirane za pancar dol\u017eine od 300 do 325mm &#8211; trenutno 314mm. Ko\u017ee Scott Oprema je zelo dobra &#8211; kot nova. Uporabljena na ca.8 turah. Cena kompleta 700eur Turne smu\u010di Elan Ripstick tour 94 &hellip;<\/p>\n","protected":false},"author":7672,"featured_media":0,"parent":0,"menu_order":0,"comment_status":"closed","ping_status":"open","template":"","meta":{"ngg_post_thumbnail":0},"_links":{"self":[{"href":"https:\/\/www.turnarit.si\/index.php\/wp-json\/wp\/v2\/pages\/5233"}],"collection":[{"href":"https:\/\/www.turnarit.si\/index.php\/wp-json\/wp\/v2\/pages"}],"about":[{"href":"https:\/\/www.turnarit.si\/index.php\/wp-json\/wp\/v2\/types\/page"}],"author":[{"embeddable":true,"href":"https:\/\/www.turnarit.si\/index.php\/wp-json\/wp\/v2\/users\/7672"}],"replies":[{"embeddable":true,"href":"https:\/\/www.turnarit.si\/index.php\/wp-json\/wp\/v2\/comments?post=5233"}],"version-history":[{"count":311,"href":"https:\/\/www.turnarit.si\/index.php\/wp-json\/wp\/v2\/pages\/5233\/revisions"}],"predecessor-version":[{"id":19510,"href":"https:\/\/www.turnarit.si\/index.php\/wp-json\/wp\/v2\/pages\/5233\/revisions\/19510"}],"wp:attachment":[{"href":"https:\/\/www.turnarit.si\/index.php\/wp-json\/wp\/v2\/media?parent=5233"}],"curies":[{"name":"wp","href":"https:\/\/api.w.org\/{rel}","templated":true}]}}