{"id":3789,"date":"2013-06-12T13:10:33","date_gmt":"2013-06-12T11:10:33","guid":{"rendered":"http:\/\/www.turnarit.si\/index.php"},"modified":"2019-05-28T11:00:26","modified_gmt":"2019-05-28T09:00:26","slug":"pravno-obvestilo","status":"publish","type":"page","link":"http:\/\/www.turnarit.si\/index.php\/pravno-obvestilo","title":{"rendered":"Pravno obvestilo"},"content":{"rendered":"<h1>Pravno obvestilo<\/h1>\n<h3>Omejitev odgovornosti<\/h3>\n<p>Vsebina spletnega mesta je informativne narave. TurnaRit ne prevzema nikakr\u0161ne odgovornosti za to\u010dnost in popolnost objavljenih podatkov ali za kakr\u0161no koli \u0161kodo, ki bi bila uporabniku spletnega mesta povzro\u010dena zaradi uporabe informacij na spletnem mestu. Pridr\u017eujemo si pravico, da uporabnike napotimo na druge strani svetovnega spleta in ne prevzemamo nikakr\u0161ne odgovornosti za njihovo vsebino. TurnaRit bo z vzdr\u017eevanjem vsebine spletnega mesta sku\u0161al zagotavljati to\u010dnost in a\u017eurnost podatkov, vendar ne jam\u010dimo in ne prevzemamo odgovornosti za njihovo to\u010dnost in popolnost. Vsi uporabniki objavljeno vsebino uporabljajo na lastno odgovornost. TurnaRit si pridr\u017euje pravico do spreminjanja, dodajanja ali odstranitve spletnih strani (v celoti ali delno) brez predhodnega opozorila in ne prevzema odgovornosti za kakr\u0161ne koli posledice takih sprememb.<\/p>\n<h3>Avtorske pravice<\/h3>\n<p>Vse informacije in podobe na spletnem mestu so predmet avtorske za\u0161\u010dite in drugih oblik za\u0161\u010dite intelektualne lastnine. Reproducirajo se lahko izklju\u010dno za nekomercialne namene, pri \u010demer se morajo ohraniti tudi vsa navedena opozorila o avtorskih ali drugih pravicah. Na vsaki reprodukciji (kopiranje, reprodukcija, objava, prenos) mora biti kot vir naveden TurnaRit.<\/p>\n<h3>Varovanje zasebnosti<\/h3>\n<p>TurnaRit se zavezuje, da bo varoval zaupnost osebnih podatkov uporabnikov spletnega mesta. Zbrane podatke bomo uporabili izklju\u010dno za izbolj\u0161anje uporabe spletnega mesta in za namene, za katere jih bodo dali uporabniki spletnega mesta. Osebnih podatkov in kontaktnih informacij ne bomo uporabljali za druge namene ter jih brez izrecnega dovoljenja uporabnika spletnega mesta ne bomo razkrili tretjim strankam. Storili bomo vse, da va\u0161e osebne podatke za\u0161\u010ditimo pred kakr\u0161nimi koli kr\u0161itvami in zlorabami.<\/p>\n<h2>O pi\u0161kotkih in njihovi uporabi na na\u0161i spletni strani<\/h2>\n<h3>Kaj so pi\u0161kotki?<\/h3>\n<p>Pi\u0161kotek je datoteka, ki shrani nastavitve spletnih strani.Spletna mesta pi\u0161kotke\u00a0 shranijo v naprave uporabnikov, s katerimi dostopajo do interneta z namenom prepoznavanja posameznih naprav in nastavitev, ki so jih uporabniki uporabili pri dostopu. Pi\u0161kotki omogo\u010dajo spletnim stranem prepoznavanje, \u010de je uporabnik \u017ee obiskal to spletno mesto in pri naprednih aplikacijah se lahko z njihovo pomo\u010djo ustrezno prilagodijo posamezne nastavitve. Njihovo shranjevanje je pod popolnim nadzorom brskalnika, ki ga uporablja uporabnik &#8211; ta lahko shranjevanje pi\u0161kotkov po \u017eelji omeji ali onemogo\u010di.<\/p>\n<h3>Zakaj so pi\u0161kotki potrebni?<\/h3>\n<p>Pi\u0161kotki so temeljnega pomena za zagotavljanje uporabniku prijaznih spletnih storitev;\u00a0 najpogostej\u0161e funkcije e-poslovanja ne bi bile mogo\u010de brez pi\u0161kotkov.\u00a0 Interakcija med spletnim uporabnikom in spletno stranjo je s pomo\u010djo pi\u0161kotkov hitrej\u0161a in enostavnej\u0161a. Z njihovo pomo\u010djo si spletna stran zapomni posameznikove preference in izku\u0161nje, brskanje po spletnih straneh pa je s tem bolj u\u010dinkovito in prijetno.Razlogov za uporabo pi\u0161kotkov je ve\u010d.\u00a0 Uporabljajo se za shranjevanje podatkov o stanju posamezne spletne strani (podrobnosti o prilagoditvah posamezne spletne strani), pomagajo pri izvajanju spletnih storitev (npr spletne trgovine), pomagajo pri zbiranju statistik o uporabnikih in obiskanosti spletnega mesta, o navadah spletnega uporabnika , itd. S pomo\u010djo pi\u0161kotkov lahko torej ocenimo u\u010dinkovitost zasnove na\u0161ega spletnega mesta. O priporo\u010deni in dovoljeni uporabi pi\u0161kotkov na spletnih straneh si lahko preberete tudi smernice informacijskega poobla\u0161\u010denca za uporabo pi\u0161kotkov, ki jih najdete\u00a0<a href=\"https:\/\/www.ip-rs.si\/novice\/detajl\/informacijski-pooblascenec-izdal-smernice-glede-uporabe-piskotkov\/?cHash=5842ad1118a2ae1915f350cc1aa98c22\">tukaj<\/a>.<\/p>\n<h3>Seznam pi\u0161kotkov na na\u0161i spletni strani<\/h3>\n<p><strong>1. Lastni pi\u0161kotki<\/strong><\/p>\n<table>\n<tbody>\n<tr>\n<td><strong>Ime pi\u0161kotka<\/p>\n<p><\/strong><\/td>\n<td><\/td>\n<td><strong>Opis<\/strong><\/td>\n<\/tr>\n<tr>\n<td>wordpress_test_cookie<\/td>\n<td><\/td>\n<td>Testira, \u010de va\u0161 brskalnik lahko   uporablja pi\u0161kotke.<\/td>\n<\/tr>\n<tr>\n<td>wp-settings-1<\/td>\n<td><\/td>\n<td>Omogo\u010da avtentikacijo prijavljenega   administratorja in uporabnikov, vzdr\u017euje nastavitve spletnih strani za   uporabo po vsem spletnem mestu.<\/td>\n<\/tr>\n<tr>\n<td>wp-settings-time-1<\/td>\n<td><\/td>\n<td>Omogo\u010da avtentikacijo prijavljenega   administratorja in uporabnikov, vzdr\u017euje nastavitve spletnih strani za   uporabo po vsem spletnem mestu.<\/td>\n<\/tr>\n<tr>\n<td colspan=\"3\"><strong>Google Analytics<\/strong><\/td>\n<\/tr>\n<tr>\n<td>_utma<\/td>\n<td><\/td>\n<td>Google Analytics<\/p>\n<p>Zabele\u017ei razlikovanje med uporabniki in sejami<\/td>\n<\/tr>\n<tr>\n<td>_utmb<\/td>\n<td><\/td>\n<td>Google Analytics<\/p>\n<p>Zabele\u017ei novo sejo ali novega uporabnika<\/td>\n<\/tr>\n<tr>\n<td>_utmz<\/td>\n<td><\/td>\n<td>Google Analytics<\/p>\n<p>Dolo\u010da vir prometa ali ogla\u0161evalsko akcijo<\/td>\n<\/tr>\n<tr>\n<td>_utmc<\/td>\n<td><\/td>\n<td>Google Analytics<\/p>\n<p>Zabele\u017ei \u010das trajanja obiska<\/td>\n<\/tr>\n<\/tbody>\n<\/table>\n<p>Pi\u0161kotki, ki jih uporabljamo na na\u0161i spletni strani, ne zbirajo va\u0161ih osebnih podatkov, s katerimi bi vas bilo mogo\u010de osebno prepoznati in ne morejo po\u0161kodovati va\u0161ega ra\u010dunalnika, tablice ali mobilnega telefona. Pi\u0161kotki omogo\u010dajo delovanje na\u0161ega spletnega mesta in nam pomagajo razumeti, katere informacije so najkoristnej\u0161i za obiskovalce.<\/p>\n<h3>Priglasitev<\/h3>\n<p><strong>Z uporabo tega spletnega mesta se strinjate, da to spletno mesto nastavi pi\u0161kotke na va\u0161em ra\u010dunalniku ali mobilni napravi.<\/strong><\/p>\n<h3>Upravljanje in brisanje pi\u0161kotkov<\/h3>\n<p>\u010ce \u017eelite spremeniti na\u010din uporabe pi\u0161kotkov v brskalniku, vklju\u010dno z blokiranjem ali izbrisom, lahko to storite z ustrezno spremembo nastavitev brskalnika. Za upravljanje pi\u0161kotkov vam ve\u010dina brskalnikov omogo\u010da, da sprejmete ali zavrnete vse pi\u0161kotke, sprejmete samo dolo\u010deno vrsto pi\u0161kotkov ali pa vas opozori, da stran \u017eeli shraniti pi\u0161kotek. Pi\u0161kotke, ki jih je brskalnik shranil, lahko tudi enostavno izbri\u0161ete.\u010ce spremenite ali izbri\u0161ete brskalnikovo datoteko s pi\u0161kotki, spremenite ali nagradite va\u0161 brskalnik ali napravo, boste morda morali ponovno onemogo\u010diti pi\u0161kotke.Postopek za upravljanje in brisanje pi\u0161kotkov se razlikuje od brskalnika do brskalnika. \u010ce pri tem potrebujete pomo\u010d, lahko pogledate v brskalnikovi pomo\u010di uporabnikom. Sledenju Google Analytics lahko onemogo\u010dite tudi na naslednji\u00a0<a href=\"https:\/\/tools.google.com\/dlpage\/gaoptout\">povezavi<\/a>.<\/p>\n","protected":false},"excerpt":{"rendered":"<p>Pravno obvestilo Omejitev odgovornosti Vsebina spletnega mesta je informativne narave. TurnaRit ne prevzema nikakr\u0161ne odgovornosti za to\u010dnost in popolnost objavljenih podatkov ali za kakr\u0161no koli \u0161kodo, ki bi bila uporabniku spletnega mesta povzro\u010dena zaradi uporabe informacij na spletnem mestu. Pridr\u017eujemo si pravico, da uporabnike napotimo na druge strani svetovnega spleta in ne prevzemamo nikakr\u0161ne odgovornosti &hellip;<\/p>\n","protected":false},"author":7672,"featured_media":0,"parent":0,"menu_order":0,"comment_status":"closed","ping_status":"closed","template":"","meta":{"ngg_post_thumbnail":0},"_links":{"self":[{"href":"http:\/\/www.turnarit.si\/index.php\/wp-json\/wp\/v2\/pages\/3789"}],"collection":[{"href":"http:\/\/www.turnarit.si\/index.php\/wp-json\/wp\/v2\/pages"}],"about":[{"href":"http:\/\/www.turnarit.si\/index.php\/wp-json\/wp\/v2\/types\/page"}],"author":[{"embeddable":true,"href":"http:\/\/www.turnarit.si\/index.php\/wp-json\/wp\/v2\/users\/7672"}],"replies":[{"embeddable":true,"href":"http:\/\/www.turnarit.si\/index.php\/wp-json\/wp\/v2\/comments?post=3789"}],"version-history":[{"count":2,"href":"http:\/\/www.turnarit.si\/index.php\/wp-json\/wp\/v2\/pages\/3789\/revisions"}],"predecessor-version":[{"id":3791,"href":"http:\/\/www.turnarit.si\/index.php\/wp-json\/wp\/v2\/pages\/3789\/revisions\/3791"}],"wp:attachment":[{"href":"http:\/\/www.turnarit.si\/index.php\/wp-json\/wp\/v2\/media?parent=3789"}],"curies":[{"name":"wp","href":"https:\/\/api.w.org\/{rel}","templated":true}]}}